{"id":3858,"date":"2026-04-07T21:52:04","date_gmt":"2026-04-07T21:52:04","guid":{"rendered":"https:\/\/site.primafinantare.md\/?page_id=3858"},"modified":"2026-04-07T23:13:14","modified_gmt":"2026-04-07T23:13:14","slug":"parteneri","status":"publish","type":"page","link":"https:\/\/site.primafinantare.md\/en\/parteneri\/","title":{"rendered":"Parteneriate"},"content":{"rendered":"<div data-elementor-type=\"wp-page\" data-elementor-id=\"3858\" class=\"elementor elementor-3858\" data-elementor-post-type=\"page\">\n\t\t\t\t<div class=\"elementor-element elementor-element-d80405e e-flex e-con-boxed e-con e-parent\" data-id=\"d80405e\" data-element_type=\"container\" data-settings=\"{&quot;background_background&quot;:&quot;classic&quot;,&quot;motion_fx_motion_fx_scrolling&quot;:&quot;yes&quot;,&quot;motion_fx_translateY_effect&quot;:&quot;yes&quot;,&quot;motion_fx_translateY_direction&quot;:&quot;negative&quot;,&quot;motion_fx_translateY_speed&quot;:{&quot;unit&quot;:&quot;px&quot;,&quot;size&quot;:1.5,&quot;sizes&quot;:[]},&quot;motion_fx_translateY_affectedRange&quot;:{&quot;unit&quot;:&quot;%&quot;,&quot;size&quot;:&quot;&quot;,&quot;sizes&quot;:{&quot;start&quot;:0,&quot;end&quot;:100}},&quot;motion_fx_devices&quot;:[&quot;desktop&quot;,&quot;tablet&quot;,&quot;mobile&quot;]}\" data-core-v316-plus=\"true\">\n\t\t\t\t\t<div class=\"e-con-inner\">\n\t\t<div class=\"elementor-element elementor-element-6bb180f e-flex e-con-boxed e-con e-child\" data-id=\"6bb180f\" data-element_type=\"container\" data-settings=\"{&quot;background_background&quot;:&quot;gradient&quot;}\">\n\t\t\t\t\t<div class=\"e-con-inner\">\n\t\t\t\t\t<\/div>\n\t\t\t\t<\/div>\n\t\t\t\t\t<\/div>\n\t\t\t\t<\/div>\n\t\t<div class=\"elementor-element elementor-element-2e6dd1a e-flex e-con-boxed e-con e-parent\" data-id=\"2e6dd1a\" data-element_type=\"container\" data-settings=\"{&quot;background_background&quot;:&quot;classic&quot;}\" data-core-v316-plus=\"true\">\n\t\t\t\t\t<div class=\"e-con-inner\">\n\t\t\t\t<div class=\"elementor-element elementor-element-2f37bc0 elementor-widget elementor-widget-spacer\" data-id=\"2f37bc0\" data-element_type=\"widget\" data-widget_type=\"spacer.default\">\n\t\t\t\t<div class=\"elementor-widget-container\">\n\t\t\t<style>\/*! elementor - v3.20.0 - 26-03-2024 *\/\n.elementor-column .elementor-spacer-inner{height:var(--spacer-size)}.e-con{--container-widget-width:100%}.e-con-inner>.elementor-widget-spacer,.e-con>.elementor-widget-spacer{width:var(--container-widget-width,var(--spacer-size));--align-self:var(--container-widget-align-self,initial);--flex-shrink:0}.e-con-inner>.elementor-widget-spacer>.elementor-widget-container,.e-con>.elementor-widget-spacer>.elementor-widget-container{height:100%;width:100%}.e-con-inner>.elementor-widget-spacer>.elementor-widget-container>.elementor-spacer,.e-con>.elementor-widget-spacer>.elementor-widget-container>.elementor-spacer{height:100%}.e-con-inner>.elementor-widget-spacer>.elementor-widget-container>.elementor-spacer>.elementor-spacer-inner,.e-con>.elementor-widget-spacer>.elementor-widget-container>.elementor-spacer>.elementor-spacer-inner{height:var(--container-widget-height,var(--spacer-size))}.e-con-inner>.elementor-widget-spacer.elementor-widget-empty,.e-con>.elementor-widget-spacer.elementor-widget-empty{position:relative;min-height:22px;min-width:22px}.e-con-inner>.elementor-widget-spacer.elementor-widget-empty .elementor-widget-empty-icon,.e-con>.elementor-widget-spacer.elementor-widget-empty .elementor-widget-empty-icon{position:absolute;top:0;bottom:0;left:0;right:0;margin:auto;padding:0;width:22px;height:22px}<\/style>\t\t<div class=\"elementor-spacer\">\n\t\t\t<div class=\"elementor-spacer-inner\"><\/div>\n\t\t<\/div>\n\t\t\t\t<\/div>\n\t\t\t\t<\/div>\n\t\t\t\t<div class=\"elementor-element elementor-element-ee216c4 elementor-widget elementor-widget-heading\" data-id=\"ee216c4\" data-element_type=\"widget\" data-widget_type=\"heading.default\">\n\t\t\t\t<div class=\"elementor-widget-container\">\n\t\t\t<style>\/*! elementor - v3.20.0 - 26-03-2024 *\/\n.elementor-heading-title{padding:0;margin:0;line-height:1}.elementor-widget-heading .elementor-heading-title[class*=elementor-size-]>a{color:inherit;font-size:inherit;line-height:inherit}.elementor-widget-heading .elementor-heading-title.elementor-size-small{font-size:15px}.elementor-widget-heading .elementor-heading-title.elementor-size-medium{font-size:19px}.elementor-widget-heading .elementor-heading-title.elementor-size-large{font-size:29px}.elementor-widget-heading .elementor-heading-title.elementor-size-xl{font-size:39px}.elementor-widget-heading .elementor-heading-title.elementor-size-xxl{font-size:59px}<\/style><h2 class=\"elementor-heading-title elementor-size-default\">PRIMA FINAN\u021aARE, partener financiar \u00eentr-o ini\u021biativ\u0103 pentru modernizarea agriculturii, sus\u021binut\u0103 de Guvernul \u021a\u0103rilor de Jos <\/h2>\t\t<\/div>\n\t\t\t\t<\/div>\n\t\t\t\t<div class=\"elementor-element elementor-element-3b382c6 elementor-widget elementor-widget-text-editor\" data-id=\"3b382c6\" data-element_type=\"widget\" data-widget_type=\"text-editor.default\">\n\t\t\t\t<div class=\"elementor-widget-container\">\n\t\t\t<style>\/*! elementor - v3.20.0 - 26-03-2024 *\/\n.elementor-widget-text-editor.elementor-drop-cap-view-stacked .elementor-drop-cap{background-color:#69727d;color:#fff}.elementor-widget-text-editor.elementor-drop-cap-view-framed .elementor-drop-cap{color:#69727d;border:3px solid;background-color:transparent}.elementor-widget-text-editor:not(.elementor-drop-cap-view-default) .elementor-drop-cap{margin-top:8px}.elementor-widget-text-editor:not(.elementor-drop-cap-view-default) .elementor-drop-cap-letter{width:1em;height:1em}.elementor-widget-text-editor .elementor-drop-cap{float:left;text-align:center;line-height:1;font-size:50px}.elementor-widget-text-editor .elementor-drop-cap-letter{display:inline-block}<\/style>\t\t\t\t<p><span data-contrast=\"auto\">PRIMA FINAN\u021aARE se al\u0103tur\u0103, \u00een calitate de partener financiar, unui proiect coordonat de\u00a0Advision\u00a0Finance\u00a0\u2014 companie olandez\u0103 specializat\u0103 \u00een strategii de finan\u021bare cu impact \u0219i agricultur\u0103 inteligent\u0103 \u2014 sus\u021binut de Guvernul \u021a\u0103rilor de Jos.\u00a0<\/span>\u00a0<\/p><p><br \/><span data-contrast=\"auto\">Ini\u021biativa vizeaz\u0103 promovarea agriculturii moderne \u0219i a tehnologiilor de precizie \u00een sectorul legumicol din Republica Moldova, sprijinind fermierii \u00een adoptarea unor practici bazate pe date, eficien\u021b\u0103 opera\u021bional\u0103 \u0219i utilizarea inteligent\u0103 a resurselor.<\/span><span data-ccp-props=\"{&quot;134233117&quot;:true,&quot;134233118&quot;:true}\">\u00a0<\/span><\/p><p><span data-contrast=\"auto\">Implicarea PRIMA FINAN\u021aARE reflect\u0103 angajamentul companiei fa\u021b\u0103 de ini\u021biativele cu impact real \u00een economie \u0219i fa\u021b\u0103 de sectoarele esen\u021biale pentru dezvoltarea durabil\u0103 a \u021b\u0103rii. Parteneriatul cu\u00a0Advision\u00a0Finance\u00a0este un exemplu concret de colaborare \u00eentre finan\u021bare local\u0103 \u0219i expertiz\u0103 interna\u021bional\u0103.<\/span><span data-ccp-props=\"{&quot;134233117&quot;:true,&quot;134233118&quot;:true}\">\u00a0<\/span><\/p>\t\t\t\t\t\t<\/div>\n\t\t\t\t<\/div>\n\t\t\t\t<div class=\"elementor-element elementor-element-24cecf1 elementor-widget elementor-widget-text-editor\" data-id=\"24cecf1\" data-element_type=\"widget\" data-widget_type=\"text-editor.default\">\n\t\t\t\t<div class=\"elementor-widget-container\">\n\t\t\t\t\t\t\t<p><b><span data-contrast=\"auto\">Oportunit\u0103\u021bi de angajare \u00een cadrul proiectului<\/span><\/b><span data-ccp-props=\"{&quot;134233117&quot;:true,&quot;134233118&quot;:true}\">\u00a0<\/span><\/p>\n<p>\u00a0<\/p>\n<p><span data-contrast=\"auto\">Pentru etapa actual\u0103 de implementare sunt disponibile dou\u0103 pozi\u021bii:<\/span><span data-ccp-props=\"{&quot;134233117&quot;:true,&quot;134233118&quot;:true}\">\u00a0<\/span><\/p>\n<p><b><span data-contrast=\"auto\">Project\u00a0Administration\u00a0Assistant<\/span><\/b><span data-contrast=\"auto\">\u00a0\u2014 responsabil cu suportul administrativ, gestionarea documenta\u021biei \u0219i coordonarea activit\u0103\u021bilor opera\u021bionale ale proiectului.<\/span><a href=\"https:\/\/site.primafinantare.md\/en\/2026\/04\/07\/project-administration-assistant\/\"><span data-contrast=\"none\"> Aici<\/span><\/a><\/p>\n<p>\u00a0<\/p>\n<p><b><span data-contrast=\"auto\">Research,\u00a0Communication\u00a0&amp; Marketing\u00a0Assistant<\/span><\/b><span data-contrast=\"auto\"> \u2014 responsabil cu elaborarea de con\u021binut, activit\u0103\u021bile de vizibilitate \u0219i comunicarea cu partenerii \u0219i beneficiarii proiectului. <a href=\"https:\/\/site.primafinantare.md\/en\/2026\/04\/07\/research-communication-marketing-assistant-precision-agriculture-project-in-moldova\/\">Aici<\/a><\/span><\/p>\n<p>\u00a0<\/p>\n<p><span data-contrast=\"auto\">Persoanele interesate sunt invitate s\u0103 transmit\u0103 CV-ul \u0219i scrisoarea de motiva\u021bie la:\u00a0<\/span><b><span data-contrast=\"auto\">adv@advisionfinance.nl<\/span><\/b><b><span data-contrast=\"none\">\u00a0<\/span><\/b><\/p>\t\t\t\t\t\t<\/div>\n\t\t\t\t<\/div>\n\t\t\t\t<div class=\"elementor-element elementor-element-34d089f elementor-widget elementor-widget-spacer\" data-id=\"34d089f\" data-element_type=\"widget\" data-widget_type=\"spacer.default\">\n\t\t\t\t<div class=\"elementor-widget-container\">\n\t\t\t\t\t<div class=\"elementor-spacer\">\n\t\t\t<div class=\"elementor-spacer-inner\"><\/div>\n\t\t<\/div>\n\t\t\t\t<\/div>\n\t\t\t\t<\/div>\n\t\t\t\t\t<\/div>\n\t\t\t\t<\/div>\n\t\t\t\t<\/div>","protected":false},"excerpt":{"rendered":"<p>PRIMA FINAN\u021aARE, partener financiar \u00eentr-o ini\u021biativ\u0103 pentru modernizarea agriculturii, sus\u021binut\u0103 de Guvernul \u021a\u0103rilor de Jos PRIMA FINAN\u021aARE se al\u0103tur\u0103, \u00een calitate de partener financiar, unui proiect coordonat de\u00a0Advision\u00a0Finance\u00a0\u2014 companie olandez\u0103 specializat\u0103 \u00een strategii de finan\u021bare cu impact \u0219i agricultur\u0103 inteligent\u0103 \u2014 sus\u021binut de Guvernul \u021a\u0103rilor de Jos.\u00a0\u00a0 Ini\u021biativa vizeaz\u0103 promovarea agriculturii moderne \u0219i a tehnologiilor [&hellip;]<\/p>","protected":false},"author":1,"featured_media":0,"parent":0,"menu_order":0,"comment_status":"closed","ping_status":"closed","template":"","meta":{"site-sidebar-layout":"no-sidebar","site-content-layout":"page-builder","ast-site-content-layout":"full-width-container","site-content-style":"default","site-sidebar-style":"default","ast-global-header-display":"","ast-banner-title-visibility":"","ast-main-header-display":"","ast-hfb-above-header-display":"","ast-hfb-below-header-display":"","ast-hfb-mobile-header-display":"","site-post-title":"disabled","ast-breadcrumbs-content":"","ast-featured-img":"disabled","footer-sml-layout":"","theme-transparent-header-meta":"","adv-header-id-meta":"","stick-header-meta":"","header-above-stick-meta":"","header-main-stick-meta":"","header-below-stick-meta":"","astra-migrate-meta-layouts":"set","ast-page-background-enabled":"default","ast-page-background-meta":{"desktop":{"background-color":"var(--ast-global-color-4)","background-image":"","background-repeat":"repeat","background-position":"center center","background-size":"auto","background-attachment":"scroll","background-type":"","background-media":"","overlay-type":"","overlay-color":"","overlay-gradient":""},"tablet":{"background-color":"","background-image":"","background-repeat":"repeat","background-position":"center center","background-size":"auto","background-attachment":"scroll","background-type":"","background-media":"","overlay-type":"","overlay-color":"","overlay-gradient":""},"mobile":{"background-color":"","background-image":"","background-repeat":"repeat","background-position":"center center","background-size":"auto","background-attachment":"scroll","background-type":"","background-media":"","overlay-type":"","overlay-color":"","overlay-gradient":""}},"ast-content-background-meta":{"desktop":{"background-color":"var(--ast-global-color-5)","background-image":"","background-repeat":"repeat","background-position":"center center","background-size":"auto","background-attachment":"scroll","background-type":"","background-media":"","overlay-type":"","overlay-color":"","overlay-gradient":""},"tablet":{"background-color":"var(--ast-global-color-5)","background-image":"","background-repeat":"repeat","background-position":"center center","background-size":"auto","background-attachment":"scroll","background-type":"","background-media":"","overlay-type":"","overlay-color":"","overlay-gradient":""},"mobile":{"background-color":"var(--ast-global-color-5)","background-image":"","background-repeat":"repeat","background-position":"center center","background-size":"auto","background-attachment":"scroll","background-type":"","background-media":"","overlay-type":"","overlay-color":"","overlay-gradient":""}},"footnotes":""},"class_list":["post-3858","page","type-page","status-publish","hentry"],"rttpg_featured_image_url":null,"rttpg_author":{"display_name":"admin","author_link":"https:\/\/site.primafinantare.md\/en\/author\/admin\/"},"rttpg_comment":0,"rttpg_category":null,"rttpg_excerpt":"PRIMA FINAN\u021aARE, partener financiar \u00eentr-o ini\u021biativ\u0103 pentru modernizarea agriculturii, sus\u021binut\u0103 de Guvernul \u021a\u0103rilor de Jos PRIMA FINAN\u021aARE se al\u0103tur\u0103, \u00een calitate de partener financiar, unui proiect coordonat de\u00a0Advision\u00a0Finance\u00a0\u2014 companie olandez\u0103 specializat\u0103 \u00een strategii de finan\u021bare cu impact \u0219i agricultur\u0103 inteligent\u0103 \u2014 sus\u021binut de Guvernul \u021a\u0103rilor de Jos.\u00a0\u00a0 Ini\u021biativa vizeaz\u0103 promovarea agriculturii moderne \u0219i a tehnologiilor&hellip;","_links":{"self":[{"href":"https:\/\/site.primafinantare.md\/en\/wp-json\/wp\/v2\/pages\/3858","targetHints":{"allow":["GET"]}}],"collection":[{"href":"https:\/\/site.primafinantare.md\/en\/wp-json\/wp\/v2\/pages"}],"about":[{"href":"https:\/\/site.primafinantare.md\/en\/wp-json\/wp\/v2\/types\/page"}],"author":[{"embeddable":true,"href":"https:\/\/site.primafinantare.md\/en\/wp-json\/wp\/v2\/users\/1"}],"replies":[{"embeddable":true,"href":"https:\/\/site.primafinantare.md\/en\/wp-json\/wp\/v2\/comments?post=3858"}],"version-history":[{"count":14,"href":"https:\/\/site.primafinantare.md\/en\/wp-json\/wp\/v2\/pages\/3858\/revisions"}],"predecessor-version":[{"id":3898,"href":"https:\/\/site.primafinantare.md\/en\/wp-json\/wp\/v2\/pages\/3858\/revisions\/3898"}],"wp:attachment":[{"href":"https:\/\/site.primafinantare.md\/en\/wp-json\/wp\/v2\/media?parent=3858"}],"curies":[{"name":"wp","href":"https:\/\/api.w.org\/{rel}","templated":true}]}}